{"id":19,"date":"2025-12-19T09:19:00","date_gmt":"2025-12-19T09:19:00","guid":{"rendered":"http:\/\/tademmuhendislik.com\/?page_id=19"},"modified":"2025-12-19T21:25:21","modified_gmt":"2025-12-19T21:25:21","slug":"iletisim","status":"publish","type":"page","link":"https:\/\/tademmuhendislik.com\/?page_id=19","title":{"rendered":"\u0130leti\u015fim"},"content":{"rendered":"\n<p>Adres: Yeni\u00e7a\u011f Mh. Rag\u0131p T\u00fcz\u00fcn Cd. 122-2 Yenimahalle \/ Ankara<\/p>\n\n\n\n<p>Eposta: info(@)tademmuhendislik.com (parantezleri siliniz)<\/p>\n\n\n\n<p>Tel: 0312(323)259 (parantezleri siliniz)<\/p>\n\n\n\n<p>Mobil: 0551(881)259 (parantezleri siliniz)<\/p>\n\n\n\n<iframe src=\"https:\/\/www.google.com\/maps\/embed?pb=!1m14!1m12!1m3!1d289.12832485019857!2d32.81322272810507!3d39.96513112793434!2m3!1f0!2f0!3f0!3m2!1i1024!2i768!4f13.1!5e0!3m2!1str!2str!4v1766179411250!5m2!1str!2str\" width=\"600\" height=\"120\" style=\"border:0;\" allowfullscreen=\"\" loading=\"lazy\" referrerpolicy=\"no-referrer-when-downgrade\"><\/iframe>\n\n\n\n<p><\/p>\n","protected":false},"excerpt":{"rendered":"<p>Adres: Yeni\u00e7a\u011f Mh. Rag\u0131p T\u00fcz\u00fcn Cd. 122-2 Yenimahalle \/ Ankara Eposta: info(@)tademmuhendislik.com (parantezleri siliniz) Tel: 0312(323)259 (parantezleri siliniz) Mobil: 0551(881)259 (parantezleri siliniz)<\/p>\n","protected":false},"author":1,"featured_media":0,"parent":0,"menu_order":0,"comment_status":"closed","ping_status":"closed","template":"","meta":{"footnotes":""},"class_list":["post-19","page","type-page","status-publish","hentry"],"_links":{"self":[{"href":"https:\/\/tademmuhendislik.com\/index.php?rest_route=\/wp\/v2\/pages\/19","targetHints":{"allow":["GET"]}}],"collection":[{"href":"https:\/\/tademmuhendislik.com\/index.php?rest_route=\/wp\/v2\/pages"}],"about":[{"href":"https:\/\/tademmuhendislik.com\/index.php?rest_route=\/wp\/v2\/types\/page"}],"author":[{"embeddable":true,"href":"https:\/\/tademmuhendislik.com\/index.php?rest_route=\/wp\/v2\/users\/1"}],"replies":[{"embeddable":true,"href":"https:\/\/tademmuhendislik.com\/index.php?rest_route=%2Fwp%2Fv2%2Fcomments&post=19"}],"version-history":[{"count":3,"href":"https:\/\/tademmuhendislik.com\/index.php?rest_route=\/wp\/v2\/pages\/19\/revisions"}],"predecessor-version":[{"id":131,"href":"https:\/\/tademmuhendislik.com\/index.php?rest_route=\/wp\/v2\/pages\/19\/revisions\/131"}],"wp:attachment":[{"href":"https:\/\/tademmuhendislik.com\/index.php?rest_route=%2Fwp%2Fv2%2Fmedia&parent=19"}],"curies":[{"name":"wp","href":"https:\/\/api.w.org\/{rel}","templated":true}]}}